{"id":120,"date":"2024-01-13T14:18:04","date_gmt":"2024-01-13T05:18:04","guid":{"rendered":"https:\/\/samplecl.com\/?page_id=120"},"modified":"2024-02-22T19:46:53","modified_gmt":"2024-02-22T10:46:53","slug":"%e3%81%8a%e5%95%8f%e3%81%84%e5%90%88%e3%82%8f%e3%81%9b","status":"publish","type":"page","link":"https:\/\/samplecl.com\/?page_id=120","title":{"rendered":"\u304a\u554f\u3044\u5408\u308f\u305b"},"content":{"rendered":"<div class=\"wp-block-columns alignfull is-layout-flex wp-container-core-columns-is-layout-28f84493 wp-block-columns-is-layout-flex\"><div class=\"wp-block-column is-layout-flow wp-block-column-is-layout-flow\" style=\"flex-basis:100%\"><div class=\"wp-block-group alignfull has-global-padding is-layout-constrained wp-block-group-is-layout-constrained\">\n<div class=\"wpcf7 no-js\" id=\"wpcf7-f426-o1\" lang=\"ja\" dir=\"ltr\">\n<div class=\"screen-reader-response\"><p role=\"status\" aria-live=\"polite\" aria-atomic=\"true\"><\/p> <ul><\/ul><\/div>\n<form action=\"\/index.php?rest_route=%2Fwp%2Fv2%2Fpages%2F120#wpcf7-f426-o1\" method=\"post\" class=\"wpcf7-form init\" aria-label=\"\u30b3\u30f3\u30bf\u30af\u30c8\u30d5\u30a9\u30fc\u30e0\" novalidate=\"novalidate\" data-status=\"init\">\n<div style=\"display: none;\">\n<input type=\"hidden\" name=\"_wpcf7\" value=\"426\" \/>\n<input type=\"hidden\" name=\"_wpcf7_version\" value=\"5.8.6\" \/>\n<input type=\"hidden\" name=\"_wpcf7_locale\" value=\"ja\" \/>\n<input type=\"hidden\" name=\"_wpcf7_unit_tag\" value=\"wpcf7-f426-o1\" \/>\n<input type=\"hidden\" name=\"_wpcf7_container_post\" value=\"0\" \/>\n<input type=\"hidden\" name=\"_wpcf7_posted_data_hash\" value=\"\" \/>\n<input type=\"hidden\" name=\"_wpcf7_recaptcha_response\" value=\"\" \/>\n<\/div>\n<table class=\"CF7_table\">\n\t<tr>\n\t\t<th>\n\t\t\t<p><span class=\"CF7_unreq\">\u4efb\u610f<\/span> \u3054\u76f8\u8ac7\u500b\u6240<br \/>\n\uff08\u8907\u6570\u9078\u629e\u53ef\uff09\n\t\t\t<\/p>\n\t\t<\/th>\n\t\t<td>\n\t\t\t<p><span class=\"wpcf7-form-control-wrap\" data-name=\"checkbox-inq\"><span class=\"wpcf7-form-control wpcf7-checkbox wpcf7-validates-as-required\"><span class=\"wpcf7-list-item first\"><input type=\"checkbox\" name=\"checkbox-inq[]\" value=\"\u76ee\u3082\u3068\" \/><span class=\"wpcf7-list-item-label\">\u76ee\u3082\u3068<\/span><\/span><span class=\"wpcf7-list-item\"><input type=\"checkbox\" name=\"checkbox-inq[]\" value=\"\u9f3b\" \/><span class=\"wpcf7-list-item-label\">\u9f3b<\/span><\/span><span class=\"wpcf7-list-item\"><input type=\"checkbox\" name=\"checkbox-inq[]\" value=\"\u30d0\u30b9\u30c8\" \/><span class=\"wpcf7-list-item-label\">\u30d0\u30b9\u30c8<\/span><\/span><span class=\"wpcf7-list-item\"><input type=\"checkbox\" name=\"checkbox-inq[]\" value=\"\u8f2a\u90ed(\u30a8\u30e9\u3001\u3042\u3054\u3001\u982c\u9aa8\u3001\u984d)\" \/><span class=\"wpcf7-list-item-label\">\u8f2a\u90ed(\u30a8\u30e9\u3001\u3042\u3054\u3001\u982c\u9aa8\u3001\u984d)<\/span><\/span><span class=\"wpcf7-list-item\"><input type=\"checkbox\" name=\"checkbox-inq[]\" value=\"\u8102\u80aa\u5438\u5f15\" \/><span class=\"wpcf7-list-item-label\">\u8102\u80aa\u5438\u5f15<\/span><\/span><span class=\"wpcf7-list-item\"><input type=\"checkbox\" name=\"checkbox-inq[]\" value=\"\u3057\u308f\u30fb\u305f\u308b\u307f\u6539\u5584\" \/><span class=\"wpcf7-list-item-label\">\u3057\u308f\u30fb\u305f\u308b\u307f\u6539\u5584<\/span><\/span><span class=\"wpcf7-list-item\"><input type=\"checkbox\" name=\"checkbox-inq[]\" value=\"\u30ef\u30ad\u30ac\u30fb\u591a\u6c57\u75c7\" \/><span class=\"wpcf7-list-item-label\">\u30ef\u30ad\u30ac\u30fb\u591a\u6c57\u75c7<\/span><\/span><span class=\"wpcf7-list-item\"><input type=\"checkbox\" name=\"checkbox-inq[]\" value=\"\u5a66\u4eba\u79d1\" \/><span class=\"wpcf7-list-item-label\">\u5a66\u4eba\u79d1<\/span><\/span><span class=\"wpcf7-list-item\"><input type=\"checkbox\" name=\"checkbox-inq[]\" value=\"\u30db\u30af\u30ed\u30fb\u30a4\u30dc\" \/><span class=\"wpcf7-list-item-label\">\u30db\u30af\u30ed\u30fb\u30a4\u30dc<\/span><\/span><span class=\"wpcf7-list-item\"><input type=\"checkbox\" name=\"checkbox-inq[]\" value=\"\u3057\u307f\u30fb\u305d\u3070\u304b\u3059\u30fb\u3042\u3056\" \/><span class=\"wpcf7-list-item-label\">\u3057\u307f\u30fb\u305d\u3070\u304b\u3059\u30fb\u3042\u3056<\/span><\/span><span class=\"wpcf7-list-item last\"><input type=\"checkbox\" name=\"checkbox-inq[]\" value=\"\u305d\u306e\u4ed6\" \/><span class=\"wpcf7-list-item-label\">\u305d\u306e\u4ed6<\/span><\/span><\/span><\/span>\n\t\t\t<\/p>\n\t\t<\/td>\n\t<\/tr>\n\t<tr>\n\t\t<th>\n\t\t\t<p><span class=\"CF7_unreq\">\u4efb\u610f<\/span> \u3054\u76f8\u8ac7\u5185\u5bb9\n\t\t\t<\/p>\n\t\t<\/th>\n\t\t<td>\n\t\t\t<p><span class=\"wpcf7-form-control-wrap\" data-name=\"your-message\"><textarea cols=\"40\" rows=\"10\" class=\"wpcf7-form-control wpcf7-textarea wpcf7-validates-as-required\" aria-required=\"true\" aria-invalid=\"false\" placeholder=\"\u3053\u3061\u3089\u306b\u3054\u8a18\u5165\u304f\u3060\u3055\u3044\u3002\u203b\u30e2\u30cb\u30bf\u30fc\u3092\u5e0c\u671b\u3055\u308c\u308b\u65b9\u306f\u3001\u305d\u306e\u65e8\u3092\u3053\u3061\u3089\u306b\u3054\u8a18\u5165\u304f\u3060\u3055\u3044\u307e\u305b\u3002\" name=\"your-message\"><\/textarea><\/span>\n\t\t\t<\/p>\n\t\t<\/td>\n\t<\/tr>\n\t<tr>\n\t\t<th>\n\t\t\t<p><span class=\"CF7_req\">\u5fc5\u9808<\/span> \u5f53\u9662\u3078\u306e\u3054\u6765\u9662\u306f\u521d\u3081\u3066\u3067\u3057\u3087\u3046\u304b\uff1f\n\t\t\t<\/p>\n\t\t<\/th>\n\t\t<td>\n\t\t\t<p><span class=\"wpcf7-form-control-wrap\" data-name=\"checkbox-inq2\"><span class=\"wpcf7-form-control wpcf7-checkbox wpcf7-validates-as-required wpcf7-exclusive-checkbox\"><span class=\"wpcf7-list-item first\"><input type=\"checkbox\" name=\"checkbox-inq2\" value=\"\u521d\u3081\u3066\" \/><span class=\"wpcf7-list-item-label\">\u521d\u3081\u3066<\/span><\/span><span class=\"wpcf7-list-item last\"><input type=\"checkbox\" name=\"checkbox-inq2\" value=\"2\u56de\u4ee5\u4e0a\" \/><span class=\"wpcf7-list-item-label\">2\u56de\u4ee5\u4e0a<\/span><\/span><\/span><\/span>\n\t\t\t<\/p>\n\t\t<\/td>\n\t<\/tr>\n\t<tr>\n\t\t<th>\n\t\t\t<p><span class=\"CF7_req\">\u5fc5\u9808<\/span>\u7b2c\u4e00\u5e0c\u671b\u65e5\n\t\t\t<\/p>\n\t\t<\/th>\n\t\t<td>\n\t\t\t<p>\u3000\u65e5\u4ed8 <span class=\"wpcf7-form-control-wrap\" data-name=\"date-994\"><input class=\"wpcf7-form-control wpcf7-date wpcf7-validates-as-required wpcf7-validates-as-date\" min=\"2024-01-01\" max=\"2025-01-01\" aria-required=\"true\" aria-invalid=\"false\" value=\"\" type=\"date\" name=\"date-994\" \/><\/span> \u3000\u6642\u9593\u5e2f<span class=\"wpcf7-form-control-wrap\" data-name=\"menu-49\"><select class=\"wpcf7-form-control wpcf7-select wpcf7-validates-as-required\" aria-required=\"true\" aria-invalid=\"false\" name=\"menu-49\"><option value=\"10:00\">10:00<\/option><option value=\"10:30\">10:30<\/option><option value=\"11:00\">11:00<\/option><option value=\"11:30\">11:30<\/option><option value=\"12:00\">12:00<\/option><option value=\"12:30\">12:30<\/option><option value=\"13:00\">13:00<\/option><option value=\"13:30\">13:30<\/option><option value=\"14:00\">14:00<\/option><option value=\"14:30\">14:30<\/option><option value=\"15:00\">15:00<\/option><option value=\"15:30\">15:30<\/option><option value=\"16:00\">16:00<\/option><option value=\"16:30\">16:30<\/option><option value=\"17:00\">17:00<\/option><option value=\"17:30\">17:30<\/option><option value=\"18:00\">18:00<\/option><\/select><\/span>\n\t\t\t<\/p>\n\t\t<\/td>\n\t<\/tr>\n\t<tr>\n\t\t<th>\n\t\t\t<p><span class=\"CF7_req\">\u5fc5\u9808<\/span>\u7b2c\u4e8c\u5e0c\u671b\u65e5\n\t\t\t<\/p>\n\t\t<\/th>\n\t\t<td>\n\t\t\t<p>\u3000\u65e5\u4ed8 <span class=\"wpcf7-form-control-wrap\" data-name=\"date-995\"><input class=\"wpcf7-form-control wpcf7-date wpcf7-validates-as-required wpcf7-validates-as-date\" min=\"2024-01-01\" max=\"2025-01-01\" aria-required=\"true\" aria-invalid=\"false\" value=\"\" type=\"date\" name=\"date-995\" \/><\/span>\u3000\u6642\u9593\u5e2f<span class=\"wpcf7-form-control-wrap\" data-name=\"menu-50\"><select class=\"wpcf7-form-control wpcf7-select wpcf7-validates-as-required\" aria-required=\"true\" aria-invalid=\"false\" name=\"menu-50\"><option value=\"10:00\">10:00<\/option><option value=\"10:30\">10:30<\/option><option value=\"11:00\">11:00<\/option><option value=\"11:30\">11:30<\/option><option value=\"12:00\">12:00<\/option><option value=\"12:30\">12:30<\/option><option value=\"13:00\">13:00<\/option><option value=\"13:30\">13:30<\/option><option value=\"14:00\">14:00<\/option><option value=\"14:30\">14:30<\/option><option value=\"15:00\">15:00<\/option><option value=\"15:30\">15:30<\/option><option value=\"16:00\">16:00<\/option><option value=\"16:30\">16:30<\/option><option value=\"17:00\">17:00<\/option><option value=\"17:30\">17:30<\/option><option value=\"18:00\">18:00<\/option><\/select><\/span>\n\t\t\t<\/p>\n\t\t<\/td>\n\t<\/tr>\n\t<tr>\n\t\t<th>\n\t\t\t<p><span class=\"CF7_req\">\u5fc5\u9808<\/span>\u3054\u8fd4\u4fe1\u30e1\u30fc\u30eb\u30a2\u30c9\u30ec\u30b9\n\t\t\t<\/p>\n\t\t<\/th>\n\t\t<td>\n\t\t\t<p><span class=\"wpcf7-form-control-wrap\" data-name=\"your-email\"><input size=\"40\" class=\"wpcf7-form-control wpcf7-email wpcf7-validates-as-required wpcf7-text wpcf7-validates-as-email\" aria-required=\"true\" aria-invalid=\"false\" placeholder=\"\u4f8b\uff1a\u00d7\u00d7\u00d7@\u00d7\u00d7\u00d7.com\" value=\"\" type=\"email\" name=\"your-email\" \/><\/span>\n\t\t\t<\/p>\n\t\t<\/td>\n\t<\/tr>\n\t<tr>\n\t\t<th>\n\t\t\t<p><span class=\"CF7_req\">\u5fc5\u9808<\/span>\u30e1\u30fc\u30eb\u30a2\u30c9\u30ec\u30b9\u78ba\u8a8d\n\t\t\t<\/p>\n\t\t<\/th>\n\t\t<td>\n\t\t\t<p><span class=\"wpcf7-form-control-wrap\" data-name=\"your-email_confirm\"><input size=\"40\" class=\"wpcf7-form-control wpcf7-email wpcf7-validates-as-required wpcf7-text wpcf7-validates-as-email\" aria-required=\"true\" aria-invalid=\"false\" placeholder=\"\u78ba\u8a8d\u306e\u305f\u3081\u3082\u3046\u4e00\u5ea6\u5165\u529b\u3057\u3066\u304f\u3060\u3055\u3044\" value=\"\" type=\"email\" name=\"your-email_confirm\" \/><\/span>\n\t\t\t<\/p>\n\t\t<\/td>\n\t<\/tr>\n\t<tr>\n\t\t<th>\n\t\t\t<p><span class=\"CF7_req\">\u5fc5\u9808<\/span>\u3054\u9023\u7d61\u5148\u96fb\u8a71\u756a\u53f7\n\t\t\t<\/p>\n\t\t<\/th>\n\t\t<td>\n\t\t\t<p><span class=\"wpcf7-form-control-wrap\" data-name=\"tel-342\"><input size=\"40\" class=\"wpcf7-form-control wpcf7-text wpcf7-validates-as-required\" aria-required=\"true\" aria-invalid=\"false\" value=\"\" type=\"text\" name=\"tel-342\" \/><\/span><br \/>\n\u3054\u4e88\u7d04\u304c\u53d6\u308c\u306a\u3044\u5834\u5408\u3001\u3053\u3061\u3089\u304b\u3089\u304a\u96fb\u8a71\u3059\u308b\u3053\u3068\u304c\u3042\u308a\u307e\u3059\u3002\n\t\t\t<\/p>\n\t\t<\/td>\n\t<\/tr>\n\t<tr>\n\t\t<th>\n\t\t\t<p><span class=\"CF7_unreq\">\u4efb\u610f<\/span>\u304a\u4f4f\u3044\u306e\u90fd\u9053\u5e9c\u770c\n\t\t\t<\/p>\n\t\t<\/th>\n\t\t<td>\n\t\t\t<p><span class=\"wpcf7-form-control-wrap\" data-name=\"menu-843\"><select class=\"wpcf7-form-control wpcf7-select\" aria-invalid=\"false\" name=\"menu-843\"><option value=\"\">\u9078\u629e\u3057\u3066\u4e0b\u3055\u3044<\/option><option value=\"\u4e09\u91cd\u770c\">\u4e09\u91cd\u770c<\/option><option value=\"\u6ecb\u8cc0\u770c\">\u6ecb\u8cc0\u770c<\/option><option value=\"\u4eac\u90fd\u5e9c\">\u4eac\u90fd\u5e9c<\/option><option value=\"\u5927\u962a\u5e9c\">\u5927\u962a\u5e9c<\/option><option value=\"\u5175\u5eab\u770c\">\u5175\u5eab\u770c<\/option><option value=\"\u5948\u826f\u770c\">\u5948\u826f\u770c<\/option><option value=\"\u548c\u6b4c\u5c71\u770c\">\u548c\u6b4c\u5c71\u770c<\/option><option value=\"\u9ce5\u53d6\u770c\">\u9ce5\u53d6\u770c<\/option><option value=\"\u5cf6\u6839\u770c\">\u5cf6\u6839\u770c<\/option><option value=\"\u5ca1\u5c71\u770c\">\u5ca1\u5c71\u770c<\/option><option value=\"\u5e83\u5cf6\u770c\">\u5e83\u5cf6\u770c<\/option><option value=\"\u5c71\u53e3\u770c\">\u5c71\u53e3\u770c<\/option><option value=\"\u5fb3\u5cf6\u770c\">\u5fb3\u5cf6\u770c<\/option><option value=\"\u9999\u5ddd\u770c\">\u9999\u5ddd\u770c<\/option><option value=\"\u611b\u5a9b\u770c\">\u611b\u5a9b\u770c<\/option><option value=\"\u9ad8\u77e5\u770c\">\u9ad8\u77e5\u770c<\/option><option value=\"\u5317\u6d77\u9053\">\u5317\u6d77\u9053<\/option><option value=\"\u9752\u68ee\u770c\">\u9752\u68ee\u770c<\/option><option value=\"\u5ca9\u624b\u770c\">\u5ca9\u624b\u770c<\/option><option value=\"\u5bae\u57ce\u770c\">\u5bae\u57ce\u770c<\/option><option value=\"\u79cb\u7530\u770c\">\u79cb\u7530\u770c<\/option><option value=\"\u5c71\u5f62\u770c\">\u5c71\u5f62\u770c<\/option><option value=\"\u798f\u5cf6\u770c\">\u798f\u5cf6\u770c<\/option><option value=\"\u8328\u57ce\u770c\">\u8328\u57ce\u770c<\/option><option value=\"\u6803\u6728\u770c\">\u6803\u6728\u770c<\/option><option value=\"\u7fa4\u99ac\u770c\">\u7fa4\u99ac\u770c<\/option><option value=\"\u57fc\u7389\u770c\">\u57fc\u7389\u770c<\/option><option value=\"\u5343\u8449\u770c\">\u5343\u8449\u770c<\/option><option value=\"\u6771\u4eac\u90fd\">\u6771\u4eac\u90fd<\/option><option value=\"\u795e\u5948\u5ddd\u770c\">\u795e\u5948\u5ddd\u770c<\/option><option value=\"\u65b0\u6f5f\u770c\">\u65b0\u6f5f\u770c<\/option><option value=\"\u5bcc\u5c71\u770c\">\u5bcc\u5c71\u770c<\/option><option value=\"\u77f3\u5ddd\u770c\">\u77f3\u5ddd\u770c<\/option><option value=\"\u798f\u4e95\u770c\">\u798f\u4e95\u770c<\/option><option value=\"\u5c71\u68a8\u770c\">\u5c71\u68a8\u770c<\/option><option value=\"\u9577\u91ce\u770c\">\u9577\u91ce\u770c<\/option><option value=\"\u5c90\u961c\u770c\">\u5c90\u961c\u770c<\/option><option value=\"\u9759\u5ca1\u770c\">\u9759\u5ca1\u770c<\/option><option value=\"\u611b\u77e5\u770c\">\u611b\u77e5\u770c<\/option><option value=\"\u798f\u5ca1\u770c\">\u798f\u5ca1\u770c<\/option><option value=\"\u4f50\u8cc0\u770c\">\u4f50\u8cc0\u770c<\/option><option value=\"\u9577\u5d0e\u770c\">\u9577\u5d0e\u770c<\/option><option value=\"\u718a\u672c\u770c\">\u718a\u672c\u770c<\/option><option value=\"\u5927\u5206\u770c\">\u5927\u5206\u770c<\/option><option value=\"\u5bae\u5d0e\u770c\">\u5bae\u5d0e\u770c<\/option><option value=\"\u9e7f\u5150\u5cf6\u770c\">\u9e7f\u5150\u5cf6\u770c<\/option><option value=\"\u6c96\u7e04\u770c\">\u6c96\u7e04\u770c<\/option><\/select><\/span>\n\t\t\t<\/p>\n\t\t<\/td>\n\t<\/tr>\n\t<tr>\n\t\t<th>\n\t\t\t<p><span class=\"CF7_req\">\u5fc5\u9808<\/span>\u304a\u540d\u524d\n\t\t\t<\/p>\n\t\t<\/th>\n\t\t<td>\n\t\t\t<p><span class=\"wpcf7-form-control-wrap\" data-name=\"your-name\"><input size=\"40\" class=\"wpcf7-form-control wpcf7-text wpcf7-validates-as-required\" aria-required=\"true\" aria-invalid=\"false\" placeholder=\"\u4f8b\uff1a\u5c71\u7530\u592a\u90ce\" value=\"\" type=\"text\" name=\"your-name\" \/><\/span>\n\t\t\t<\/p>\n\t\t<\/td>\n\t<\/tr>\n\t<tr>\n\t\t<th>\n\t\t\t<p><span class=\"CF7_req\">\u5fc5\u9808<\/span>\u30d5\u30ea\u30ac\u30ca\n\t\t\t<\/p>\n\t\t<\/th>\n\t\t<td>\n\t\t\t<p><span class=\"wpcf7-form-control-wrap\" data-name=\"your-name2\"><input size=\"40\" class=\"wpcf7-form-control wpcf7-text wpcf7-validates-as-required\" aria-required=\"true\" aria-invalid=\"false\" placeholder=\"\u4f8b\uff1a\u30e4\u30de\u30c0 \u30bf\u30ed\u30a6\" value=\"\" type=\"text\" name=\"your-name2\" \/><\/span>\n\t\t\t<\/p>\n\t\t<\/td>\n\t<\/tr>\n\t<tr>\n\t\t<th>\n\t\t\t<p><span class=\"CF7_req\">\u5fc5\u9808<\/span>\u5e74\u9f62\n\t\t\t<\/p>\n\t\t<\/th>\n\t\t<td>\n\t\t\t<p><span class=\"wpcf7-form-control-wrap\" data-name=\"your-age\"><input size=\"40\" class=\"wpcf7-form-control wpcf7-text wpcf7-validates-as-required\" aria-required=\"true\" aria-invalid=\"false\" placeholder=\"\u534a\u89d2\u6570\u5b57\" value=\"\" type=\"text\" name=\"your-age\" \/><\/span>\u6b73\n\t\t\t<\/p>\n\t\t<\/td>\n\t<\/tr>\n\t<tr>\n\t\t<th>\n\t\t\t<p><span class=\"CF7_req\">\u5fc5\u9808<\/span>\u6027\u5225\n\t\t\t<\/p>\n\t\t<\/th>\n\t\t<td>\n\t\t\t<p><span class=\"wpcf7-form-control-wrap\" data-name=\"checkbox-421\"><span class=\"wpcf7-form-control wpcf7-checkbox wpcf7-exclusive-checkbox\"><span class=\"wpcf7-list-item first\"><label><input type=\"checkbox\" name=\"checkbox-421\" value=\"\u5973\u6027\" \/><span class=\"wpcf7-list-item-label\">\u5973\u6027<\/span><\/label><\/span><span class=\"wpcf7-list-item last\"><label><input type=\"checkbox\" name=\"checkbox-421\" value=\"\u7537\u6027\" \/><span class=\"wpcf7-list-item-label\">\u7537\u6027<\/span><\/label><\/span><\/span><\/span>\n\t\t\t<\/p>\n\t\t<\/td>\n\t<\/tr>\n<\/table>\n<p class=\"CF7_btn\"><input class=\"wpcf7-form-control wpcf7-submit has-spinner\" type=\"submit\" value=\"\u9001\u4fe1\u3059\u308b\" \/>\n<\/p><p style=\"display: none !important;\"><label>&#916;<textarea name=\"_wpcf7_ak_hp_textarea\" cols=\"45\" rows=\"8\" maxlength=\"100\"><\/textarea><\/label><input type=\"hidden\" id=\"ak_js_1\" name=\"_wpcf7_ak_js\" value=\"167\"\/><script>document.getElementById( \"ak_js_1\" ).setAttribute( \"value\", ( new Date() ).getTime() );<\/script><\/p><div class=\"wpcf7-response-output\" aria-hidden=\"true\"><\/div>\n<\/form>\n<\/div>\n<\/div><\/div><\/div>","protected":false},"excerpt":{"rendered":"","protected":false},"author":1,"featured_media":0,"parent":0,"menu_order":0,"comment_status":"closed","ping_status":"closed","template":"page-no-title","meta":{"footnotes":""},"class_list":["post-120","page","type-page","status-publish","hentry"],"_links":{"self":[{"href":"https:\/\/samplecl.com\/index.php?rest_route=\/wp\/v2\/pages\/120","targetHints":{"allow":["GET"]}}],"collection":[{"href":"https:\/\/samplecl.com\/index.php?rest_route=\/wp\/v2\/pages"}],"about":[{"href":"https:\/\/samplecl.com\/index.php?rest_route=\/wp\/v2\/types\/page"}],"author":[{"embeddable":true,"href":"https:\/\/samplecl.com\/index.php?rest_route=\/wp\/v2\/users\/1"}],"replies":[{"embeddable":true,"href":"https:\/\/samplecl.com\/index.php?rest_route=%2Fwp%2Fv2%2Fcomments&post=120"}],"version-history":[{"count":6,"href":"https:\/\/samplecl.com\/index.php?rest_route=\/wp\/v2\/pages\/120\/revisions"}],"predecessor-version":[{"id":436,"href":"https:\/\/samplecl.com\/index.php?rest_route=\/wp\/v2\/pages\/120\/revisions\/436"}],"wp:attachment":[{"href":"https:\/\/samplecl.com\/index.php?rest_route=%2Fwp%2Fv2%2Fmedia&parent=120"}],"curies":[{"name":"wp","href":"https:\/\/api.w.org\/{rel}","templated":true}]}}